{"id":119,"date":"2019-08-01T13:48:53","date_gmt":"2019-08-01T16:48:53","guid":{"rendered":"https:\/\/jtdigital.com.ar\/hauser\/?page_id=119"},"modified":"2026-01-09T17:33:28","modified_gmt":"2026-01-09T20:33:28","slug":"contacto","status":"publish","type":"page","link":"https:\/\/hauser.site\/arq\/contacto\/","title":{"rendered":"Contacto"},"content":{"rendered":"[vc_row full_width=\u00bbstretch_row_content_no_spaces\u00bb][vc_column][vc_single_image image=\u00bb120&#8243; alignment=\u00bbcenter\u00bb][\/vc_column][\/vc_row][vc_row][vc_column][vc_column_text]\n<h1><span style=\"font-size: 28px;\">HAUSER OFICINA DE ARQUITECTURA<\/span><\/h1>\n[\/vc_column_text][vc_empty_space][vc_column_text]<span style=\"font-size: 24px; color: #000000;\"><strong>11 de Septiembre 3260\u00a0 3B | C1429BIJ | Buenos Aires | Argentina . <\/strong><span style=\"font-size: 18px;\"><a style=\"color: #000000;\" href=\"https:\/\/www.google.com\/maps\/place\/11+de+Septiembre+de+1888+3260,+C1429+Cdad.+Aut%C3%B3noma+de+Buenos+Aires\/@-34.5484176,-58.4596596,717m\/data=!3m2!1e3!4b1!4m6!3m5!1s0x95bcb4264c2a21e1:0x4b89e3333c9dbcd1!8m2!3d-34.5484176!4d-58.4596596!16s%2Fg%2F11c163q_nl?entry=ttu&amp;g_ep=EgoyMDI2MDEwNy4wIKXMDSoASAFQAw%3D%3D\" target=\"_blank\" rel=\"noopener noreferrer\">Ver en Mapa<\/a><\/span><\/span><\/p>\n<p><span style=\"font-size: 24px; color: #000000;\"><strong>info@hauser.site<\/strong><\/span><\/p>\n<p>&nbsp;<\/p>\n<p><span style=\"font-size: 18px; color: #000000;\">INSTAGRAM<\/span><br \/>\n<span style=\"font-size: 24px; color: #000000;\"><strong><a style=\"color: #000000;\" href=\"https:\/\/www.instagram.com\/hauser.arq\/\" target=\"_blank\" rel=\"noopener noreferrer\">Hauser.arq<\/a><\/strong><\/span><\/p>\n<p><span style=\"font-size: 24px; color: #000000;\"><span style=\"font-size: 18px;\">FACEBOOK<\/span><br \/>\n<strong><a style=\"color: #000000;\" href=\"https:\/\/es-la.facebook.com\/hauser.site\/\" target=\"_blank\" rel=\"noopener noreferrer\">Hauser Oficina de Arquitectura<\/a><\/strong><\/span>[\/vc_column_text][vc_empty_space height=\u00bb72px\u00bb][vc_separator][vc_column_text]\n<h1><span style=\"font-size: 20px;\">B\u00daSQUEDA LABORAL<\/span><\/h1>\n[\/vc_column_text][vc_empty_space height=\u00bb10px\u00bb][vc_column_text]<span style=\"font-size: 16px;\">El estudio est\u00e1 permanentemente buscando gente motivada, con mucho entusiasmo, habilidades para el dise\u00f1o, conocimiento t\u00e9cnico y que tenga muy buen manejo de programas de representaci\u00f3n gr\u00e1fica.<br \/>\n<\/span><span style=\"font-size: 16px;\">Tambi\u00e9n priorizamos que cuenten con muy buen dominio del idioma ingl\u00e9s, la capacidad de trabajar en equipo y sobre todo pasi\u00f3n por el dise\u00f1o y la arquitectura.<br \/>\n<\/span><span style=\"font-size: 16px;\">El estudio cuenta con convenios con las principales Facultades de Arquitectura, para que sus alumnos avanzados puedan realizar sus pr\u00e1cticas profesionales obligatorias. <\/span><span style=\"font-size: 16px;\">Podes aplicar para una posici\u00f3n en nuestra oficina mand\u00e1ndonos tu CV, portfolio por e-mail a info@hauser.site<\/span>[\/vc_column_text][\/vc_column][\/vc_row]\n","protected":false},"excerpt":{"rendered":"<p>[vc_row full_width=\u00bbstretch_row_content_no_spaces\u00bb][vc_column][vc_single_image image=\u00bb120&#8243; alignment=\u00bbcenter\u00bb][\/vc_column][\/vc_row][vc_row][vc_column][vc_column_text] HAUSER OFICINA DE ARQUITECTURA [\/vc_column_text][vc_empty_space][vc_column_text]11 de Septiembre 3260\u00a0 3B | C1429BIJ | Buenos Aires | Argentina . Ver en Mapa info@hauser.site &nbsp; INSTAGRAM Hauser.arq FACEBOOK Hauser Oficina de Arquitectura[\/vc_column_text][vc_empty_space height=\u00bb72px\u00bb][vc_separator][vc_column_text] B\u00daSQUEDA LABORAL [\/vc_column_text][vc_empty_space height=\u00bb10px\u00bb][vc_column_text]El estudio est\u00e1&hellip;<\/p>\n","protected":false},"author":1,"featured_media":0,"parent":0,"menu_order":0,"comment_status":"closed","ping_status":"closed","template":"","meta":[],"_links":{"self":[{"href":"https:\/\/hauser.site\/arq\/wp-json\/wp\/v2\/pages\/119"}],"collection":[{"href":"https:\/\/hauser.site\/arq\/wp-json\/wp\/v2\/pages"}],"about":[{"href":"https:\/\/hauser.site\/arq\/wp-json\/wp\/v2\/types\/page"}],"author":[{"embeddable":true,"href":"https:\/\/hauser.site\/arq\/wp-json\/wp\/v2\/users\/1"}],"replies":[{"embeddable":true,"href":"https:\/\/hauser.site\/arq\/wp-json\/wp\/v2\/comments?post=119"}],"version-history":[{"count":27,"href":"https:\/\/hauser.site\/arq\/wp-json\/wp\/v2\/pages\/119\/revisions"}],"predecessor-version":[{"id":3361,"href":"https:\/\/hauser.site\/arq\/wp-json\/wp\/v2\/pages\/119\/revisions\/3361"}],"wp:attachment":[{"href":"https:\/\/hauser.site\/arq\/wp-json\/wp\/v2\/media?parent=119"}],"curies":[{"name":"wp","href":"https:\/\/api.w.org\/{rel}","templated":true}]}}